{"id":17,"date":"2016-10-29T10:59:24","date_gmt":"2016-10-29T10:59:24","guid":{"rendered":"http:\/\/ac-einigkeit-elmshorn.de\/?page_id=17"},"modified":"2016-10-29T11:08:51","modified_gmt":"2016-10-29T11:08:51","slug":"startseite","status":"publish","type":"page","link":"http:\/\/ac-einigkeit-elmshorn.de\/","title":{"rendered":"Startseite"},"content":{"rendered":"<p>&nbsp;<\/p>\n<table border=\"0\" width=\"445\" cellspacing=\"1\" cellpadding=\"2\" style=\"border: none;\">\n<tbody>\n<tr>\n<td align=\"center\" valign=\"bottom\" width=\"145\"><img loading=\"lazy\" decoding=\"async\" src=\"http:\/\/www.ac-einigkeit.de\/boxer.gif\" alt=\"Boxer\" width=\"140\" height=\"160\" \/><\/td>\n<td valign=\"top\" width=\"300\"><span style=\"color: red; font-family: Arial, Helvetica; font-size: medium;\"><b>Liebe Freundinnen und Freunde des Amateurboxsports!<\/b><\/span><\/p>\n<p><span style=\"font-family: Arial, Helvetica; font-size: small;\"><b>Wir freuen uns \u00fcber Ihren Besuch und hoffen, dass wir die von Ihnen gew\u00fcnschten Informationen anbieten k\u00f6nnen<\/b><\/span><\/td>\n<\/tr>\n<\/tbody>\n<\/table>\n<p>&nbsp;<\/p>\n<p>&nbsp;<\/p>\n","protected":false},"excerpt":{"rendered":"<p>&nbsp; Liebe Freundinnen und Freunde des Amateurboxsports! Wir freuen uns \u00fcber Ihren Besuch und hoffen, dass wir die von Ihnen gew\u00fcnschten Informationen anbieten k\u00f6nnen &nbsp; &nbsp;<\/p>\n","protected":false},"author":1,"featured_media":0,"parent":0,"menu_order":0,"comment_status":"closed","ping_status":"closed","template":"","meta":{"footnotes":""},"class_list":["post-17","page","type-page","status-publish","hentry"],"_links":{"self":[{"href":"http:\/\/ac-einigkeit-elmshorn.de\/index.php?rest_route=\/wp\/v2\/pages\/17"}],"collection":[{"href":"http:\/\/ac-einigkeit-elmshorn.de\/index.php?rest_route=\/wp\/v2\/pages"}],"about":[{"href":"http:\/\/ac-einigkeit-elmshorn.de\/index.php?rest_route=\/wp\/v2\/types\/page"}],"author":[{"embeddable":true,"href":"http:\/\/ac-einigkeit-elmshorn.de\/index.php?rest_route=\/wp\/v2\/users\/1"}],"replies":[{"embeddable":true,"href":"http:\/\/ac-einigkeit-elmshorn.de\/index.php?rest_route=%2Fwp%2Fv2%2Fcomments&post=17"}],"version-history":[{"count":4,"href":"http:\/\/ac-einigkeit-elmshorn.de\/index.php?rest_route=\/wp\/v2\/pages\/17\/revisions"}],"predecessor-version":[{"id":21,"href":"http:\/\/ac-einigkeit-elmshorn.de\/index.php?rest_route=\/wp\/v2\/pages\/17\/revisions\/21"}],"wp:attachment":[{"href":"http:\/\/ac-einigkeit-elmshorn.de\/index.php?rest_route=%2Fwp%2Fv2%2Fmedia&parent=17"}],"curies":[{"name":"wp","href":"https:\/\/api.w.org\/{rel}","templated":true}]}}